{"id":1862,"date":"2024-01-07T11:12:44","date_gmt":"2024-01-07T10:12:44","guid":{"rendered":"https:\/\/seehuette.de\/?page_id=1862"},"modified":"2026-03-21T15:22:50","modified_gmt":"2026-03-21T14:22:50","slug":"impressum","status":"publish","type":"page","link":"https:\/\/seehuette.de\/en\/impressum\/","title":{"rendered":"Legal Notice"},"content":{"rendered":"<div data-elementor-type=\"wp-page\" data-elementor-id=\"1862\" class=\"elementor elementor-1862\" data-elementor-post-type=\"page\">\n\t\t\t\t<div class=\"elementor-element elementor-element-23b622c e-flex e-con-boxed e-con e-parent\" data-id=\"23b622c\" data-element_type=\"container\" data-e-type=\"container\">\n\t\t\t\t\t<div class=\"e-con-inner\">\n\t\t\t\t<div class=\"elementor-element elementor-element-4830b8c elementor-widget elementor-widget-heading\" data-id=\"4830b8c\" data-element_type=\"widget\" data-e-type=\"widget\" data-widget_type=\"heading.default\">\n\t\t\t\t<div class=\"elementor-widget-container\">\n\t\t\t\t\t<h2 class=\"elementor-heading-title elementor-size-default\">Legal Notice<\/h2>\t\t\t\t<\/div>\n\t\t\t\t<\/div>\n\t\t\t\t<div class=\"elementor-element elementor-element-2fde774 elementor-widget elementor-widget-text-editor\" data-id=\"2fde774\" data-element_type=\"widget\" data-e-type=\"widget\" data-widget_type=\"text-editor.default\">\n\t\t\t\t<div class=\"elementor-widget-container\">\n\t\t\t\t\t\t\t\t\t<p class=\"p1\">Hotel und Restaurant &#8222;Eifeler Seeh\u00fctte&#8220; GmbH<br \/>Dr. Georg Klinkhammer Way 1<br \/>56745 Rieden<\/p><p>Gesch\u00e4ftsf\u00fchrer:<br \/>Carlos Falcon Lopez<\/p><p><strong>Handelsregistereintrag<\/strong><\/p><p>HRB 30020, Amtsgericht Koblenz<\/p><p><strong>Contact<span class=\"Apple-converted-space\">\u00a0<\/span><\/strong><\/p><p>Telefon: +49 2655 3696 \/ E-Mail: info@seehuette.de<span class=\"Apple-converted-space\">\u00a0<\/span><\/p><p><strong>Umsatzsteuer-ID<span class=\"Apple-converted-space\">\u00a0<\/span><\/strong><\/p><p>Umsatzsteuer-Identifikationsnummer gem\u00e4\u00df \u00a7 27 a Umsatzsteuergesetz: DE364857396<span class=\"Apple-converted-space\">\u00a0<\/span><\/p><p><strong>EU-Streitschlichtung<span class=\"Apple-converted-space\">\u00a0<\/span><\/strong><\/p><p>Die Europ\u00e4ische Kommission stellt eine Plattform zur Online-Streitbeilegung (OS) bereit: https:\/\/ec.europa.eu\/consumers\/odr. Unsere E-Mail-Adresse finden Sie oben im Impressum.<span class=\"Apple-converted-space\">\u00a0<\/span><\/p><p>Verbraucherstreitbeilegung\/Universalschlichtungsstelle<br \/>Wir sind nicht bereit oder verpflichtet, an Streitbeilegungsverfahren vor einer Verbraucherschlichtungsstelle teilzunehmen.<span class=\"Apple-converted-space\">\u00a0<\/span><\/p>\t\t\t\t\t\t\t\t<\/div>\n\t\t\t\t<\/div>\n\t\t\t\t\t<\/div>\n\t\t\t\t<\/div>\n\t\t\t\t<\/div>","protected":false},"excerpt":{"rendered":"<p>Impressum Hotel und Restaurant &#8222;Eifeler Seeh\u00fctte&#8220; GmbHDr. Georg Klinkhammer Weg 156745 Rieden Gesch\u00e4ftsf\u00fchrer:Carlos Falcon Lopez Handelsregistereintrag HRB 30020, Amtsgericht Koblenz Kontakt\u00a0 Telefon: +49 2655 3696 \/ E-Mail: info@seehuette.de\u00a0 Umsatzsteuer-ID\u00a0 Umsatzsteuer-Identifikationsnummer gem\u00e4\u00df \u00a7 27 a Umsatzsteuergesetz: DE364857396\u00a0 EU-Streitschlichtung\u00a0 Die Europ\u00e4ische Kommission stellt eine Plattform zur Online-Streitbeilegung (OS) bereit: https:\/\/ec.europa.eu\/consumers\/odr. Unsere E-Mail-Adresse finden Sie oben im Impressum.\u00a0 [&hellip;]<\/p>","protected":false},"author":2,"featured_media":0,"parent":0,"menu_order":0,"comment_status":"closed","ping_status":"closed","template":"","meta":{"om_disable_all_campaigns":false,"_monsterinsights_skip_tracking":false,"_monsterinsights_sitenote_active":false,"_monsterinsights_sitenote_note":"","_monsterinsights_sitenote_category":0,"footnotes":""},"class_list":["post-1862","page","type-page","status-publish","hentry"],"aioseo_notices":[],"_links":{"self":[{"href":"https:\/\/seehuette.de\/en\/wp-json\/wp\/v2\/pages\/1862","targetHints":{"allow":["GET"]}}],"collection":[{"href":"https:\/\/seehuette.de\/en\/wp-json\/wp\/v2\/pages"}],"about":[{"href":"https:\/\/seehuette.de\/en\/wp-json\/wp\/v2\/types\/page"}],"author":[{"embeddable":true,"href":"https:\/\/seehuette.de\/en\/wp-json\/wp\/v2\/users\/2"}],"replies":[{"embeddable":true,"href":"https:\/\/seehuette.de\/en\/wp-json\/wp\/v2\/comments?post=1862"}],"version-history":[{"count":10,"href":"https:\/\/seehuette.de\/en\/wp-json\/wp\/v2\/pages\/1862\/revisions"}],"predecessor-version":[{"id":4074,"href":"https:\/\/seehuette.de\/en\/wp-json\/wp\/v2\/pages\/1862\/revisions\/4074"}],"wp:attachment":[{"href":"https:\/\/seehuette.de\/en\/wp-json\/wp\/v2\/media?parent=1862"}],"curies":[{"name":"wp","href":"https:\/\/api.w.org\/{rel}","templated":true}]}}