{"id":2354,"date":"2024-11-05T22:10:15","date_gmt":"2024-11-05T21:10:15","guid":{"rendered":"https:\/\/seehuette.de\/?page_id=2354"},"modified":"2025-12-18T13:32:05","modified_gmt":"2025-12-18T12:32:05","slug":"weihnachten","status":"publish","type":"page","link":"https:\/\/seehuette.de\/en\/weihnachten\/","title":{"rendered":"weihnachten"},"content":{"rendered":"<div data-elementor-type=\"wp-page\" data-elementor-id=\"2354\" class=\"elementor elementor-2354\" data-elementor-post-type=\"page\">\n\t\t\t\t<div class=\"elementor-element elementor-element-c4cd981 e-con-full e-flex e-con e-parent\" data-id=\"c4cd981\" data-element_type=\"container\" data-e-type=\"container\">\n\t\t<div class=\"elementor-element elementor-element-a936cd4 e-con-full snow-bg e-flex e-con e-child\" data-id=\"a936cd4\" data-element_type=\"container\" data-e-type=\"container\" data-settings=\"{&quot;background_background&quot;:&quot;classic&quot;}\">\n\t\t\t\t<div class=\"elementor-element elementor-element-b140a2b elementor-widget elementor-widget-heading\" data-id=\"b140a2b\" data-element_type=\"widget\" data-e-type=\"widget\" data-widget_type=\"heading.default\">\n\t\t\t\t<div class=\"elementor-widget-container\">\n\t\t\t\t\t<h2 class=\"elementor-heading-title elementor-size-default\">Christmas &amp; New Year&#039;s Eve 2025<br> 2025<\/h2>\t\t\t\t<\/div>\n\t\t\t\t<\/div>\n\t\t\t\t<\/div>\n\t\t<div class=\"elementor-element elementor-element-8e5dcc9 e-con-full e-flex e-con e-child\" data-id=\"8e5dcc9\" data-element_type=\"container\" data-e-type=\"container\">\n\t\t\t\t<div class=\"elementor-element elementor-element-1840486 elementor-widget elementor-widget-heading\" data-id=\"1840486\" data-element_type=\"widget\" data-e-type=\"widget\" data-widget_type=\"heading.default\">\n\t\t\t\t<div class=\"elementor-widget-container\">\n\t\t\t\t\t<h2 class=\"elementor-heading-title elementor-size-default\">Christmas 2025<\/h2>\t\t\t\t<\/div>\n\t\t\t\t<\/div>\n\t\t\t\t<\/div>\n\t\t<div class=\"elementor-element elementor-element-78f3cc9 e-grid e-con-boxed e-con e-child\" data-id=\"78f3cc9\" data-element_type=\"container\" data-e-type=\"container\">\n\t\t\t\t\t<div class=\"e-con-inner\">\n\t\t\t\t<div class=\"elementor-element elementor-element-144cb5d elementor-widget elementor-widget-image\" data-id=\"144cb5d\" data-element_type=\"widget\" data-e-type=\"widget\" data-widget_type=\"image.default\">\n\t\t\t\t<div class=\"elementor-widget-container\">\n\t\t\t\t\t\t\t\t\t\t\t\t\t\t\t\t<a href=\"https:\/\/seehuette.de\/wp-content\/uploads\/2025\/09\/X-Mas_Menue-2025.pdf\" target=\"_blank\">\n\t\t\t\t\t\t\t<img fetchpriority=\"high\" decoding=\"async\" width=\"724\" height=\"1024\" src=\"https:\/\/seehuette.de\/wp-content\/uploads\/2025\/11\/X-Mas_Menue-2025-724x1024.jpg\" class=\"attachment-large size-large wp-image-3220\" alt=\"\" srcset=\"https:\/\/seehuette.de\/wp-content\/uploads\/2025\/11\/X-Mas_Menue-2025-724x1024.jpg 724w, https:\/\/seehuette.de\/wp-content\/uploads\/2025\/11\/X-Mas_Menue-2025-212x300.jpg 212w, https:\/\/seehuette.de\/wp-content\/uploads\/2025\/11\/X-Mas_Menue-2025-768x1086.jpg 768w, https:\/\/seehuette.de\/wp-content\/uploads\/2025\/11\/X-Mas_Menue-2025-1086x1536.jpg 1086w, https:\/\/seehuette.de\/wp-content\/uploads\/2025\/11\/X-Mas_Menue-2025-1448x2048.jpg 1448w, https:\/\/seehuette.de\/wp-content\/uploads\/2025\/11\/X-Mas_Menue-2025.jpg 1654w\" sizes=\"(max-width: 724px) 100vw, 724px\" \/>\t\t\t\t\t\t\t\t<\/a>\n\t\t\t\t\t\t\t\t\t\t\t\t\t\t\t<\/div>\n\t\t\t\t<\/div>\n\t\t\t\t<div class=\"elementor-element elementor-element-54707a5 elementor-widget elementor-widget-text-editor\" data-id=\"54707a5\" data-element_type=\"widget\" data-e-type=\"widget\" data-widget_type=\"text-editor.default\">\n\t\t\t\t<div class=\"elementor-widget-container\">\n\t\t\t\t\t\t\t\t\t<p style=\"font-family: 'Send Flowers', sans-serif;\"><span style=\"font-family: var( --e-global-typography-text-font-family ), Sans-serif;\">Experience festive delights and atmospheric moments with this year\u2019s Christmas menu at the Eifeler Seeh\u00fctte. Let us spoil you with our culinary creations and enjoy the festive atmosphere in our cosy setting.<\/span><\/p><p><b>Menu prices:<\/b><\/p><p>Erwachsene: 59\u20ac<br \/>Kinder (6-12 Jahre): 29\u20ac -&gt; auch a la carte m\u00f6glich<\/p><p>On 25 and 26 December we offer three different time slots in which you can enjoy our menu. You are welcome to arrive a little later; however, the end time of the chosen time slot remains fixed.<\/p><p><b>Reservation time slots:<\/b>:<\/p><p>1.\tTime slot: 11:00 \u2013 14:00<br \/>2.\tTime slot: 14:30 \u2013 17:30<br \/>3.\tTime slot: 18:00 \u2013 21:00<\/p><p>Please note that there will be no \u00e0 la carte service on these days.<\/p><p>For reservations and enquiries, please contact us exclusively by email at: info@seehuette.de<\/p><p>We look forward to welcoming you and your family on these special days and to making your Christmas time with us unforgettable!<\/p>\t\t\t\t\t\t\t\t<\/div>\n\t\t\t\t<\/div>\n\t\t\t\t<div class=\"elementor-element elementor-element-7cc30bc elementor-hidden-mobile elementor-widget elementor-widget-text-editor\" data-id=\"7cc30bc\" data-element_type=\"widget\" data-e-type=\"widget\" data-widget_type=\"text-editor.default\">\n\t\t\t\t<div class=\"elementor-widget-container\">\n\t\t\t\t\t\t\t\t\t<p>Click on the menu to enlarge\u2026<\/p>\t\t\t\t\t\t\t\t<\/div>\n\t\t\t\t<\/div>\n\t\t\t\t\t<\/div>\n\t\t\t\t<\/div>\n\t\t<div class=\"elementor-element elementor-element-ab6d6aa e-con-full e-flex e-con e-child\" data-id=\"ab6d6aa\" data-element_type=\"container\" data-e-type=\"container\" data-settings=\"{&quot;background_background&quot;:&quot;classic&quot;}\">\n\t\t\t\t<div class=\"elementor-element elementor-element-d1df9db elementor-widget elementor-widget-html\" data-id=\"d1df9db\" data-element_type=\"widget\" data-e-type=\"widget\" data-widget_type=\"html.default\">\n\t\t\t\t<div class=\"elementor-widget-container\">\n\t\t\t\t\t<div class=\"opening-hours\">\n  <h2>Opening hours<\/h2>\n  <ul>\n    <li><span><time datetime=\"2025-12-24\">24.12 Christmas Eve<\/time><\/span><span class=\"closed\">closed<\/span><\/li>\n    <li><span><time datetime=\"2025-12-25\">25.12 Christmas Day<\/time><\/span><span>11am to 21pm<\/span><\/li>\n    <li><span><time datetime=\"2025-12-26\">26.12 Boxing Day<\/time><\/span><span>11am to 21pm<\/span><\/li>\n    <li><span><time datetime=\"2025-12-27\">27.12 Saturday<\/time><\/span><span>12am to 22pm<\/span><\/li>\n    <li><span><time datetime=\"2025-12-28\">28.12 Sunday<\/time><\/span><span>12am to 22pm<\/span><\/li>\n    <li><span><time datetime=\"2025-12-29\">30.12 Monday<\/time><\/span><span class=\"closed\">closed<\/span><\/li>\n    <li><span><time datetime=\"2025-12-30\">30.12 Tuesday<\/time><\/span><span>12am to 22pm<\/span><\/li>\n    <li><span><time datetime=\"2025-12-31\">31.12 New Year\u2019s Eve<\/time><\/span><span>12am to 21pm<\/span><\/li>\n    <li><span><time datetime=\"2026-01-01\">01.01 New Year\u2019s Day<\/time><\/span><span>17pm to 22pm<\/span><\/li>\n  <\/ul>\n\n<\/div>\n\n<style>\n.opening-hours{max-width:640px;margin:auto}\n.opening-hours h2{margin:0 0 1.5rem 0; font-family: \"Send Flowers\"; color: white;}\n.opening-hours ul{list-style:none;margin:0;padding:0;display:grid;gap:.35rem; color:white;}\n.opening-hours li{display:flex;justify-content:space-between;align-items:baseline;border-bottom:1px dashed rgba(255,255,255,.85);padding:.25rem 0}\n.opening-hours li span:first-child{font-weight:500; color:white;}\n.opening-hours .closed{opacity:}\n.opening-hours .site{margin-top:1rem}\n@media (max-width:480px){\n  .opening-hours li{flex-direction:column;align-items:flex-start;gap:.15rem;border-bottom:none}\n}\n<\/style>\t\t\t\t<\/div>\n\t\t\t\t<\/div>\n\t\t\t\t<\/div>\n\t\t<div class=\"elementor-element elementor-element-6c7e076 e-con-full e-flex e-con e-child\" data-id=\"6c7e076\" data-element_type=\"container\" data-e-type=\"container\" data-settings=\"{&quot;background_background&quot;:&quot;slideshow&quot;,&quot;background_slideshow_gallery&quot;:[{&quot;id&quot;:3254,&quot;url&quot;:&quot;https:\\\/\\\/seehuette.de\\\/wp-content\\\/uploads\\\/2025\\\/11\\\/top-view-happy-new-year-message-1.jpg&quot;}],&quot;background_slideshow_loop&quot;:&quot;yes&quot;,&quot;background_slideshow_slide_duration&quot;:5000,&quot;background_slideshow_slide_transition&quot;:&quot;fade&quot;,&quot;background_slideshow_transition_duration&quot;:500}\">\n\t\t\t\t<\/div>\n\t\t<div class=\"elementor-element elementor-element-9b831d0 e-flex e-con-boxed e-con e-child\" data-id=\"9b831d0\" data-element_type=\"container\" data-e-type=\"container\" data-settings=\"{&quot;background_background&quot;:&quot;classic&quot;}\">\n\t\t\t\t\t<div class=\"e-con-inner\">\n\t\t\t\t<div class=\"elementor-element elementor-element-eda9ffb elementor-widget elementor-widget-heading\" data-id=\"eda9ffb\" data-element_type=\"widget\" data-e-type=\"widget\" data-widget_type=\"heading.default\">\n\t\t\t\t<div class=\"elementor-widget-container\">\n\t\t\t\t\t<h2 class=\"elementor-heading-title elementor-size-default\">New Year\u2019s Eve 2025<\/h2>\t\t\t\t<\/div>\n\t\t\t\t<\/div>\n\t\t<div class=\"elementor-element elementor-element-962d1f8 e-grid e-con-full e-con e-child\" data-id=\"962d1f8\" data-element_type=\"container\" data-e-type=\"container\">\n\t\t\t\t<div class=\"elementor-element elementor-element-d5b6dbe elementor-widget elementor-widget-image\" data-id=\"d5b6dbe\" data-element_type=\"widget\" data-e-type=\"widget\" data-widget_type=\"image.default\">\n\t\t\t\t<div class=\"elementor-widget-container\">\n\t\t\t\t\t\t\t\t\t\t\t\t\t\t\t\t<a href=\"https:\/\/seehuette.de\/wp-content\/uploads\/2025\/09\/Silvestermenue-2025.pdf\" target=\"_blank\">\n\t\t\t\t\t\t\t<img decoding=\"async\" width=\"724\" height=\"1024\" src=\"https:\/\/seehuette.de\/wp-content\/uploads\/2025\/11\/Silvestermenue-2025-Kopie-724x1024.jpg\" class=\"attachment-large size-large wp-image-3259\" alt=\"\" srcset=\"https:\/\/seehuette.de\/wp-content\/uploads\/2025\/11\/Silvestermenue-2025-Kopie-724x1024.jpg 724w, https:\/\/seehuette.de\/wp-content\/uploads\/2025\/11\/Silvestermenue-2025-Kopie-212x300.jpg 212w, https:\/\/seehuette.de\/wp-content\/uploads\/2025\/11\/Silvestermenue-2025-Kopie-768x1086.jpg 768w, https:\/\/seehuette.de\/wp-content\/uploads\/2025\/11\/Silvestermenue-2025-Kopie-1086x1536.jpg 1086w, https:\/\/seehuette.de\/wp-content\/uploads\/2025\/11\/Silvestermenue-2025-Kopie-1448x2048.jpg 1448w, https:\/\/seehuette.de\/wp-content\/uploads\/2025\/11\/Silvestermenue-2025-Kopie.jpg 1654w\" sizes=\"(max-width: 724px) 100vw, 724px\" \/>\t\t\t\t\t\t\t\t<\/a>\n\t\t\t\t\t\t\t\t\t\t\t\t\t\t\t<\/div>\n\t\t\t\t<\/div>\n\t\t\t\t<div class=\"elementor-element elementor-element-63263d8 elementor-widget elementor-widget-text-editor\" data-id=\"63263d8\" data-element_type=\"widget\" data-e-type=\"widget\" data-widget_type=\"text-editor.default\">\n\t\t\t\t<div class=\"elementor-widget-container\">\n\t\t\t\t\t\t\t\t\t<p>Round off the year with a special evening at Eifeler Seeh\u00fctte and enjoy our exclusive 4-course New Year\u2019s Eve menu. Let us spoil you with our cuisine and see out the year in a relaxed, cosy atmosphere.<\/p><p>Please note that our restaurant closes at 9:00 pm.<\/p><p>Menu price: \u20ac65,00 per person<\/p><p>We are happy to accept reservations by email at info@seehuette.de.<\/p><p>We look forward to welcoming you at the end of the year!<\/p>\t\t\t\t\t\t\t\t<\/div>\n\t\t\t\t<\/div>\n\t\t\t\t<div class=\"elementor-element elementor-element-7fa2724 elementor-hidden-mobile elementor-widget elementor-widget-text-editor\" data-id=\"7fa2724\" data-element_type=\"widget\" data-e-type=\"widget\" data-widget_type=\"text-editor.default\">\n\t\t\t\t<div class=\"elementor-widget-container\">\n\t\t\t\t\t\t\t\t\t<p>Click on the menu to enlarge\u2026<\/p>\t\t\t\t\t\t\t\t<\/div>\n\t\t\t\t<\/div>\n\t\t\t\t<\/div>\n\t\t\t\t\t<\/div>\n\t\t\t\t<\/div>\n\t\t\t\t<\/div>\n\t\t\t\t<\/div>","protected":false},"excerpt":{"rendered":"<p>Weihnachten &amp; Silvester 2025 Weihnachten 2025 Erleben Sie festliche Gen\u00fcsse und stimmungsvolle Momente bei unserem diesj\u00e4hrigen Weihnachtsmen\u00fc in der Eifeler Seeh\u00fctte! Lassen Sie sich von uns kulinarisch verw\u00f6hnen und genie\u00dfen Sie die festliche Atmosph\u00e4re in unserem gem\u00fctlichen Ambiente. Men\u00fcpreise: Erwachsene: 59\u20acKinder (6-12 Jahre): 29\u20ac -&gt; auch a la carte m\u00f6glich Wir bieten Ihnen am 25. [&hellip;]<\/p>","protected":false},"author":2,"featured_media":0,"parent":0,"menu_order":0,"comment_status":"closed","ping_status":"closed","template":"elementor_header_footer","meta":{"om_disable_all_campaigns":false,"_monsterinsights_skip_tracking":false,"_monsterinsights_sitenote_active":false,"_monsterinsights_sitenote_note":"","_monsterinsights_sitenote_category":0,"footnotes":""},"class_list":["post-2354","page","type-page","status-publish","hentry"],"aioseo_notices":[],"_links":{"self":[{"href":"https:\/\/seehuette.de\/en\/wp-json\/wp\/v2\/pages\/2354","targetHints":{"allow":["GET"]}}],"collection":[{"href":"https:\/\/seehuette.de\/en\/wp-json\/wp\/v2\/pages"}],"about":[{"href":"https:\/\/seehuette.de\/en\/wp-json\/wp\/v2\/types\/page"}],"author":[{"embeddable":true,"href":"https:\/\/seehuette.de\/en\/wp-json\/wp\/v2\/users\/2"}],"replies":[{"embeddable":true,"href":"https:\/\/seehuette.de\/en\/wp-json\/wp\/v2\/comments?post=2354"}],"version-history":[{"count":11,"href":"https:\/\/seehuette.de\/en\/wp-json\/wp\/v2\/pages\/2354\/revisions"}],"predecessor-version":[{"id":3664,"href":"https:\/\/seehuette.de\/en\/wp-json\/wp\/v2\/pages\/2354\/revisions\/3664"}],"wp:attachment":[{"href":"https:\/\/seehuette.de\/en\/wp-json\/wp\/v2\/media?parent=2354"}],"curies":[{"name":"wp","href":"https:\/\/api.w.org\/{rel}","templated":true}]}}