{"id":2507,"date":"2025-02-08T17:36:48","date_gmt":"2025-02-08T16:36:48","guid":{"rendered":"https:\/\/seehuette.de\/?page_id=2507"},"modified":"2026-03-21T15:56:41","modified_gmt":"2026-03-21T14:56:41","slug":"fruehstueck","status":"publish","type":"page","link":"https:\/\/seehuette.de\/en\/fruehstueck\/","title":{"rendered":"Fr\u00fchst\u00fcck"},"content":{"rendered":"<div data-elementor-type=\"wp-page\" data-elementor-id=\"2507\" class=\"elementor elementor-2507\" data-elementor-post-type=\"page\">\n\t\t\t\t<div class=\"elementor-element elementor-element-c4cd981 e-con-full e-flex e-con e-parent\" data-id=\"c4cd981\" data-element_type=\"container\" data-e-type=\"container\">\n\t\t<div class=\"elementor-element elementor-element-0c7a4d1 e-con-full snow-bg e-flex e-con e-child\" data-id=\"0c7a4d1\" data-element_type=\"container\" data-e-type=\"container\" data-settings=\"{&quot;background_background&quot;:&quot;classic&quot;}\">\n\t\t\t\t<div class=\"elementor-element elementor-element-b061075 elementor-widget elementor-widget-heading\" data-id=\"b061075\" data-element_type=\"widget\" data-e-type=\"widget\" data-widget_type=\"heading.default\">\n\t\t\t\t<div class=\"elementor-widget-container\">\n\t\t\t\t\t<h2 class=\"elementor-heading-title elementor-size-default\">Breakfast <br>\nA delightful start to the day<\/h2>\t\t\t\t<\/div>\n\t\t\t\t<\/div>\n\t\t\t\t<\/div>\n\t\t<div class=\"elementor-element elementor-element-24e2cd5 e-con-full e-flex e-con e-child\" data-id=\"24e2cd5\" data-element_type=\"container\" data-e-type=\"container\" data-settings=\"{&quot;background_background&quot;:&quot;classic&quot;}\">\n\t\t\t\t<div class=\"elementor-element elementor-element-1d07b28 elementor-widget elementor-widget-heading\" data-id=\"1d07b28\" data-element_type=\"widget\" data-e-type=\"widget\" data-widget_type=\"heading.default\">\n\t\t\t\t<div class=\"elementor-widget-container\">\n\t\t\t\t\t<h2 class=\"elementor-heading-title elementor-size-default\">Ages 0\u20133 free of charge | Ages 4\u201310 \u20ac9.90 | From age 11 \u20ac18.90<\/h2>\t\t\t\t<\/div>\n\t\t\t\t<\/div>\n\t\t\t\t<\/div>\n\t\t<div class=\"elementor-element elementor-element-8b0972d e-flex e-con-boxed e-con e-child\" data-id=\"8b0972d\" data-element_type=\"container\" data-e-type=\"container\">\n\t\t\t\t\t<div class=\"e-con-inner\">\n\t\t<div class=\"elementor-element elementor-element-364ffeb e-con-full e-flex e-con e-child\" data-id=\"364ffeb\" data-element_type=\"container\" data-e-type=\"container\">\n\t\t\t\t<div class=\"elementor-element elementor-element-915aa75 elementor-hidden-mobile elementor-widget elementor-widget-image\" data-id=\"915aa75\" data-element_type=\"widget\" data-e-type=\"widget\" data-widget_type=\"image.default\">\n\t\t\t\t<div class=\"elementor-widget-container\">\n\t\t\t\t\t\t\t\t\t\t\t\t\t\t\t<img fetchpriority=\"high\" decoding=\"async\" width=\"1920\" height=\"2560\" src=\"https:\/\/seehuette.de\/wp-content\/uploads\/2025\/12\/fruehstueck_eifel-scaled.jpg\" class=\"attachment-full size-full wp-image-3588\" alt=\"\" srcset=\"https:\/\/seehuette.de\/wp-content\/uploads\/2025\/12\/fruehstueck_eifel-scaled.jpg 1920w, https:\/\/seehuette.de\/wp-content\/uploads\/2025\/12\/fruehstueck_eifel-225x300.jpg 225w, https:\/\/seehuette.de\/wp-content\/uploads\/2025\/12\/fruehstueck_eifel-768x1024.jpg 768w, https:\/\/seehuette.de\/wp-content\/uploads\/2025\/12\/fruehstueck_eifel-1152x1536.jpg 1152w, https:\/\/seehuette.de\/wp-content\/uploads\/2025\/12\/fruehstueck_eifel-1536x2048.jpg 1536w, https:\/\/seehuette.de\/wp-content\/uploads\/2025\/12\/fruehstueck_eifel-9x12.jpg 9w\" sizes=\"(max-width: 1920px) 100vw, 1920px\" \/>\t\t\t\t\t\t\t\t\t\t\t\t\t\t\t<\/div>\n\t\t\t\t<\/div>\n\t\t\t\t<\/div>\n\t\t<div class=\"elementor-element elementor-element-4eb80fd e-con-full e-flex e-con e-child\" data-id=\"4eb80fd\" data-element_type=\"container\" data-e-type=\"container\">\n\t\t\t\t<div class=\"elementor-element elementor-element-2d80088 elementor-widget elementor-widget-text-editor\" data-id=\"2d80088\" data-element_type=\"widget\" data-e-type=\"widget\" data-widget_type=\"text-editor.default\">\n\t\t\t\t<div class=\"elementor-widget-container\">\n\t\t\t\t\t\t\t\t\t<p><strong>A delightful start to the day<\/strong><\/p><p>Begin your morning with a glorious breakfast at Eifeler Seeh\u00fctte.<br \/>der Eifeler Seeh\u00fctte.<\/p><p><strong>Breakfast buffet daily from 8:30am to 10:00am. <\/strong><\/p><p>The buffet is cleared away at 10:15am, but you are<br \/>very welcome to stay with us until 11:00am.<\/p><p>Preis: 18,90 \u20ac pro Person<br \/>Inklusive Orangensaft, Filterkaffee, Tee und Wasser.<\/p><p class=\"translation-block\">Reservation only! <br> Reservations can be made until 5:00 pm on the previous day at the latest.<\/p><p>Secure your seat now and enjoy a relaxed start to the day.<\/p>\t\t\t\t\t\t\t\t<\/div>\n\t\t\t\t<\/div>\n\t\t\t\t<div class=\"elementor-element elementor-element-4a2f96c elementor-align-justify elementor-mobile-align-center elementor-invisible elementor-widget elementor-widget-button\" data-id=\"4a2f96c\" data-element_type=\"widget\" data-e-type=\"widget\" data-settings=\"{&quot;_animation&quot;:&quot;fadeIn&quot;,&quot;_animation_delay&quot;:300}\" data-widget_type=\"button.default\">\n\t\t\t\t<div class=\"elementor-widget-container\">\n\t\t\t\t\t\t\t\t\t<div class=\"elementor-button-wrapper\">\n\t\t\t\t\t<a class=\"elementor-button elementor-button-link elementor-size-sm\" href=\"https:\/\/book.easytable.com\/book\/?id=269c7&#038;lang=auto\">\n\t\t\t\t\t\t<span class=\"elementor-button-content-wrapper\">\n\t\t\t\t\t\t\t\t\t<span class=\"elementor-button-text\">Reserve a table now<\/span>\n\t\t\t\t\t<\/span>\n\t\t\t\t\t<\/a>\n\t\t\t\t<\/div>\n\t\t\t\t\t\t\t\t<\/div>\n\t\t\t\t<\/div>\n\t\t\t\t<\/div>\n\t\t\t\t\t<\/div>\n\t\t\t\t<\/div>\n\t\t\t\t<div class=\"elementor-element elementor-element-22a4819 elementor-hidden-desktop elementor-hidden-tablet elementor-hidden-mobile elementor-widget elementor-widget-image\" data-id=\"22a4819\" data-element_type=\"widget\" data-e-type=\"widget\" data-widget_type=\"image.default\">\n\t\t\t\t<div class=\"elementor-widget-container\">\n\t\t\t\t\t\t\t\t\t\t\t\t\t\t\t<img decoding=\"async\" width=\"1276\" height=\"1260\" src=\"https:\/\/seehuette.de\/wp-content\/uploads\/2025\/07\/WhatsApp-Image-2025-07-26-at-13.53.23.jpeg\" class=\"attachment-full size-full wp-image-2949\" alt=\"\" srcset=\"https:\/\/seehuette.de\/wp-content\/uploads\/2025\/07\/WhatsApp-Image-2025-07-26-at-13.53.23.jpeg 1276w, https:\/\/seehuette.de\/wp-content\/uploads\/2025\/07\/WhatsApp-Image-2025-07-26-at-13.53.23-300x296.jpeg 300w, https:\/\/seehuette.de\/wp-content\/uploads\/2025\/07\/WhatsApp-Image-2025-07-26-at-13.53.23-1024x1011.jpeg 1024w, https:\/\/seehuette.de\/wp-content\/uploads\/2025\/07\/WhatsApp-Image-2025-07-26-at-13.53.23-768x758.jpeg 768w\" sizes=\"(max-width: 1276px) 100vw, 1276px\" \/>\t\t\t\t\t\t\t\t\t\t\t\t\t\t\t<\/div>\n\t\t\t\t<\/div>\n\t\t\t\t<div class=\"elementor-element elementor-element-54707a5 elementor-hidden-desktop elementor-hidden-tablet elementor-hidden-mobile elementor-widget elementor-widget-text-editor\" data-id=\"54707a5\" data-element_type=\"widget\" data-e-type=\"widget\" data-widget_type=\"text-editor.default\">\n\t\t\t\t<div class=\"elementor-widget-container\">\n\t\t\t\t\t\t\t\t\t<p>Breakfast buffet<\/p><p>A delightful start to the day<\/p><p>Beginnen Sie den Morgen mit einem herrlichen Fr\u00fchst\u00fcck in der Eifeler Seeh\u00fctte.<\/p><p>T\u00e4glich von 08:30 \u2013 11:00 Uhr<br \/>(Letzte Tischannahme um 10:00 Uhr, Schlie\u00dfung um 11:00 Uhr)<\/p><p>F\u00fcr nur 15,90 \u20ac pro Person<br \/>Inklusive Filterkaffee, Saft und Wasser.<\/p><p>Reservation only!<br \/>Reservierungen sind bis sp\u00e4testens 17:00 Uhr am Vortag m\u00f6glich.<\/p><p>Jetzt Platz sichern und entspannt genie\u00dfen!<\/p>\t\t\t\t\t\t\t\t<\/div>\n\t\t\t\t<\/div>\n\t\t\t\t<div class=\"elementor-element elementor-element-37632f2 elementor-hidden-desktop elementor-hidden-tablet elementor-hidden-mobile elementor-widget elementor-widget-image\" data-id=\"37632f2\" data-element_type=\"widget\" data-e-type=\"widget\" data-widget_type=\"image.default\">\n\t\t\t\t<div class=\"elementor-widget-container\">\n\t\t\t\t\t\t\t\t\t\t\t\t\t\t\t<img decoding=\"async\" width=\"800\" height=\"533\" src=\"https:\/\/seehuette.de\/wp-content\/uploads\/2025\/02\/PHOTO-2025-02-07-13-47-51.jpg\" class=\"attachment-large size-large wp-image-2506\" alt=\"\" srcset=\"https:\/\/seehuette.de\/wp-content\/uploads\/2025\/02\/PHOTO-2025-02-07-13-47-51.jpg 900w, https:\/\/seehuette.de\/wp-content\/uploads\/2025\/02\/PHOTO-2025-02-07-13-47-51-300x200.jpg 300w, https:\/\/seehuette.de\/wp-content\/uploads\/2025\/02\/PHOTO-2025-02-07-13-47-51-768x512.jpg 768w\" sizes=\"(max-width: 800px) 100vw, 800px\" \/>\t\t\t\t\t\t\t\t\t\t\t\t\t\t\t<\/div>\n\t\t\t\t<\/div>\n\t\t\t\t<\/div>\n\t\t\t\t<\/div>","protected":false},"excerpt":{"rendered":"<p>Fr\u00fchst\u00fcck: Genussvoll in den Tag starten 0- 3 Jahre kostenfrei | 4 -10 Jahre 9,90\u20ac | Ab 11 Jahre 18,90\u20ac Genussvoll in den Tag starten! Beginnen Sie den Morgen mit einem herrlichen Fr\u00fchst\u00fcck inder Eifeler Seeh\u00fctte. Fr\u00fchst\u00fccksbuffet t\u00e4glich von 08:30 &#8211; 10:00 Uhr. Das Buffet wird um 10:15 Uhr abgebaut, gerne k\u00f6nnen Siedann noch bis [&hellip;]<\/p>","protected":false},"author":2,"featured_media":0,"parent":0,"menu_order":0,"comment_status":"closed","ping_status":"closed","template":"elementor_header_footer","meta":{"om_disable_all_campaigns":false,"_monsterinsights_skip_tracking":false,"_monsterinsights_sitenote_active":false,"_monsterinsights_sitenote_note":"","_monsterinsights_sitenote_category":0,"footnotes":""},"class_list":["post-2507","page","type-page","status-publish","hentry"],"aioseo_notices":[],"_links":{"self":[{"href":"https:\/\/seehuette.de\/en\/wp-json\/wp\/v2\/pages\/2507","targetHints":{"allow":["GET"]}}],"collection":[{"href":"https:\/\/seehuette.de\/en\/wp-json\/wp\/v2\/pages"}],"about":[{"href":"https:\/\/seehuette.de\/en\/wp-json\/wp\/v2\/types\/page"}],"author":[{"embeddable":true,"href":"https:\/\/seehuette.de\/en\/wp-json\/wp\/v2\/users\/2"}],"replies":[{"embeddable":true,"href":"https:\/\/seehuette.de\/en\/wp-json\/wp\/v2\/comments?post=2507"}],"version-history":[{"count":10,"href":"https:\/\/seehuette.de\/en\/wp-json\/wp\/v2\/pages\/2507\/revisions"}],"predecessor-version":[{"id":4081,"href":"https:\/\/seehuette.de\/en\/wp-json\/wp\/v2\/pages\/2507\/revisions\/4081"}],"wp:attachment":[{"href":"https:\/\/seehuette.de\/en\/wp-json\/wp\/v2\/media?parent=2507"}],"curies":[{"name":"wp","href":"https:\/\/api.w.org\/{rel}","templated":true}]}}