{"id":3656,"date":"2026-01-10T20:31:35","date_gmt":"2026-01-10T19:31:35","guid":{"rendered":"https:\/\/seehuette.de\/?page_id=3656"},"modified":"2026-04-10T14:36:37","modified_gmt":"2026-04-10T12:36:37","slug":"valentinstag-2","status":"publish","type":"page","link":"https:\/\/seehuette.de\/en\/valentinstag-2\/","title":{"rendered":"Valentinstag"},"content":{"rendered":"<div data-elementor-type=\"wp-page\" data-elementor-id=\"3656\" class=\"elementor elementor-3656\" data-elementor-post-type=\"page\">\n\t\t\t\t<div class=\"elementor-element elementor-element-c4cd981 e-con-full e-flex e-con e-parent\" data-id=\"c4cd981\" data-element_type=\"container\" data-e-type=\"container\">\n\t\t<div class=\"elementor-element elementor-element-0c7a4d1 e-con-full snow-bg e-flex e-con e-child\" data-id=\"0c7a4d1\" data-element_type=\"container\" data-e-type=\"container\" data-settings=\"{&quot;background_background&quot;:&quot;classic&quot;}\">\n\t\t\t\t<div class=\"elementor-element elementor-element-b061075 elementor-widget elementor-widget-heading\" data-id=\"b061075\" data-element_type=\"widget\" data-e-type=\"widget\" data-widget_type=\"heading.default\">\n\t\t\t\t<div class=\"elementor-widget-container\">\n\t\t\t\t\t<h2 class=\"elementor-heading-title elementor-size-default\">A Romantic Valentine\u2019s Day<\/h2>\t\t\t\t<\/div>\n\t\t\t\t<\/div>\n\t\t\t\t<\/div>\n\t\t<div class=\"elementor-element elementor-element-24e2cd5 e-con-full e-flex e-con e-child\" data-id=\"24e2cd5\" data-element_type=\"container\" data-e-type=\"container\" data-settings=\"{&quot;background_background&quot;:&quot;classic&quot;}\">\n\t\t\t\t<div class=\"elementor-element elementor-element-1d07b28 elementor-widget elementor-widget-heading\" data-id=\"1d07b28\" data-element_type=\"widget\" data-e-type=\"widget\" data-widget_type=\"heading.default\">\n\t\t\t\t<div class=\"elementor-widget-container\">\n\t\t\t\t\t<h2 class=\"elementor-heading-title elementor-size-default\">A Romantic Valentine\u2019s Dinner at the Waldsee with Live Music<\/h2>\t\t\t\t<\/div>\n\t\t\t\t<\/div>\n\t\t\t\t<\/div>\n\t\t<div class=\"elementor-element elementor-element-8b0972d e-flex e-con-boxed e-con e-child\" data-id=\"8b0972d\" data-element_type=\"container\" data-e-type=\"container\">\n\t\t\t\t\t<div class=\"e-con-inner\">\n\t\t<div class=\"elementor-element elementor-element-364ffeb e-con-full e-flex e-con e-child\" data-id=\"364ffeb\" data-element_type=\"container\" data-e-type=\"container\">\n\t\t\t\t<div class=\"elementor-element elementor-element-27421c4 elementor-widget elementor-widget-image\" data-id=\"27421c4\" data-element_type=\"widget\" data-e-type=\"widget\" data-widget_type=\"image.default\">\n\t\t\t\t<div class=\"elementor-widget-container\">\n\t\t\t\t\t\t\t\t\t\t\t\t\t\t\t\t<a href=\"https:\/\/seehuette.de\/wp-content\/uploads\/2026\/01\/Valentines-Menu-Dokument-A4-7.pdf\" target=\"_blank\">\n\t\t\t\t\t\t\t<img fetchpriority=\"high\" decoding=\"async\" width=\"724\" height=\"1024\" src=\"https:\/\/seehuette.de\/wp-content\/uploads\/2026\/01\/Valentines-Menu--724x1024.jpg\" class=\"attachment-large size-large wp-image-3711\" alt=\"\" srcset=\"https:\/\/seehuette.de\/wp-content\/uploads\/2026\/01\/Valentines-Menu--724x1024.jpg 724w, https:\/\/seehuette.de\/wp-content\/uploads\/2026\/01\/Valentines-Menu--212x300.jpg 212w, https:\/\/seehuette.de\/wp-content\/uploads\/2026\/01\/Valentines-Menu--768x1086.jpg 768w, https:\/\/seehuette.de\/wp-content\/uploads\/2026\/01\/Valentines-Menu--1086x1536.jpg 1086w, https:\/\/seehuette.de\/wp-content\/uploads\/2026\/01\/Valentines-Menu--1448x2048.jpg 1448w, https:\/\/seehuette.de\/wp-content\/uploads\/2026\/01\/Valentines-Menu--8x12.jpg 8w, https:\/\/seehuette.de\/wp-content\/uploads\/2026\/01\/Valentines-Menu-.jpg 1655w\" sizes=\"(max-width: 724px) 100vw, 724px\" \/>\t\t\t\t\t\t\t\t<\/a>\n\t\t\t\t\t\t\t\t\t\t\t\t\t\t\t<\/div>\n\t\t\t\t<\/div>\n\t\t\t\t<div class=\"elementor-element elementor-element-880c336 elementor-hidden-mobile elementor-widget elementor-widget-text-editor\" data-id=\"880c336\" data-element_type=\"widget\" data-e-type=\"widget\" data-widget_type=\"text-editor.default\">\n\t\t\t\t<div class=\"elementor-widget-container\">\n\t\t\t\t\t\t\t\t\t<p>Click on the menu to enlarge\u2026<\/p>\t\t\t\t\t\t\t\t<\/div>\n\t\t\t\t<\/div>\n\t\t\t\t<\/div>\n\t\t<div class=\"elementor-element elementor-element-4eb80fd e-con-full e-flex e-con e-child\" data-id=\"4eb80fd\" data-element_type=\"container\" data-e-type=\"container\">\n\t\t\t\t<div class=\"elementor-element elementor-element-2d80088 elementor-widget elementor-widget-text-editor\" data-id=\"2d80088\" data-element_type=\"widget\" data-e-type=\"widget\" data-widget_type=\"text-editor.default\">\n\t\t\t\t<div class=\"elementor-widget-container\">\n\t\t\t\t\t\t\t\t\t<p><strong>A Romantic Valentine\u2019s Day<\/strong><\/p><p class=\"translation-block\">Spend an unforgettable evening enjoying an exclusive<br><strong>Valentine's Day dinner at the Eifeler Seeh\u00fctte<\/strong> \u2013 right by the idyllic forest lake.<\/p><p class=\"translation-block\">On <strong>February 14, 2026<\/strong>, we will treat you to a lovingly crafted<br><strong>4-course menu<\/strong>, accompanied by <strong>candlelight and atmospheric live music by Nadja Luca.<\/strong><br>You can choose from a variety of menu options \u2013 there\u2019s something for every taste.<br>(For more information, click on the menu on the left)<\/p><p>Look forward to an evening full of fine dining, music, and togetherness.<\/p><p><em>Preis f\u00fcr das Men\u00fc: 58,00 \u20ac pro Person<\/em><br \/><em>Inklusive kostenfreier Live Music ab 18:00 Uhr<\/em><\/p><p><strong>Nur mit Reservierung! (Wir sind bereits ausgebucht!)<\/strong><br \/>Die Pl\u00e4tze sind begrenzt. Reservierungen sind telefonisch oder per E-Mail ab 17:30 Uhr m\u00f6glich<br \/>und werden dringend empfohlen.<\/p><p><strong>02655 3696<\/strong><br \/><strong>info@seehuette.de<\/strong><\/p>\t\t\t\t\t\t\t\t<\/div>\n\t\t\t\t<\/div>\n\t\t\t\t<\/div>\n\t\t\t\t\t<\/div>\n\t\t\t\t<\/div>\n\t\t<div class=\"elementor-element elementor-element-ab4b890 e-flex e-con-boxed e-con e-child\" data-id=\"ab4b890\" data-element_type=\"container\" data-e-type=\"container\" data-settings=\"{&quot;background_background&quot;:&quot;classic&quot;}\">\n\t\t\t\t\t<div class=\"e-con-inner\">\n\t\t<div class=\"elementor-element elementor-element-6330649 e-con-full e-flex e-con e-child\" data-id=\"6330649\" data-element_type=\"container\" data-e-type=\"container\">\n\t\t\t\t<div class=\"elementor-element elementor-element-389e584 elementor-widget elementor-widget-image\" data-id=\"389e584\" data-element_type=\"widget\" data-e-type=\"widget\" data-widget_type=\"image.default\">\n\t\t\t\t<div class=\"elementor-widget-container\">\n\t\t\t\t\t\t\t\t\t\t\t\t\t\t\t<img decoding=\"async\" width=\"726\" height=\"1024\" src=\"https:\/\/seehuette.de\/wp-content\/uploads\/2026\/01\/Nadja-Fingerhut-726x1024.jpg\" class=\"attachment-large size-large wp-image-3728\" alt=\"\" srcset=\"https:\/\/seehuette.de\/wp-content\/uploads\/2026\/01\/Nadja-Fingerhut-726x1024.jpg 726w, https:\/\/seehuette.de\/wp-content\/uploads\/2026\/01\/Nadja-Fingerhut-213x300.jpg 213w, https:\/\/seehuette.de\/wp-content\/uploads\/2026\/01\/Nadja-Fingerhut-768x1083.jpg 768w, https:\/\/seehuette.de\/wp-content\/uploads\/2026\/01\/Nadja-Fingerhut-1090x1536.jpg 1090w, https:\/\/seehuette.de\/wp-content\/uploads\/2026\/01\/Nadja-Fingerhut-9x12.jpg 9w, https:\/\/seehuette.de\/wp-content\/uploads\/2026\/01\/Nadja-Fingerhut.jpg 1240w\" sizes=\"(max-width: 726px) 100vw, 726px\" \/>\t\t\t\t\t\t\t\t\t\t\t\t\t\t\t<\/div>\n\t\t\t\t<\/div>\n\t\t\t\t<\/div>\n\t\t<div class=\"elementor-element elementor-element-dca7b6f e-con-full e-flex e-con e-child\" data-id=\"dca7b6f\" data-element_type=\"container\" data-e-type=\"container\">\n\t\t\t\t<div class=\"elementor-element elementor-element-091b0dc elementor-align-justify elementor-mobile-align-center elementor-widget__width-initial elementor-hidden-desktop elementor-hidden-tablet elementor-hidden-mobile elementor-invisible elementor-widget elementor-widget-button\" data-id=\"091b0dc\" data-element_type=\"widget\" data-e-type=\"widget\" data-settings=\"{&quot;_animation&quot;:&quot;fadeIn&quot;,&quot;_animation_delay&quot;:300}\" data-widget_type=\"button.default\">\n\t\t\t\t<div class=\"elementor-widget-container\">\n\t\t\t\t\t\t\t\t\t<div class=\"elementor-button-wrapper\">\n\t\t\t\t\t<a class=\"elementor-button elementor-button-link elementor-size-sm\" href=\"https:\/\/book.easytable.com\/book\/?id=269c7#step=qty&#038;event=21163\">\n\t\t\t\t\t\t<span class=\"elementor-button-content-wrapper\">\n\t\t\t\t\t\t\t\t\t<span class=\"elementor-button-text\">Reserve a table now<\/span>\n\t\t\t\t\t<\/span>\n\t\t\t\t\t<\/a>\n\t\t\t\t<\/div>\n\t\t\t\t\t\t\t\t<\/div>\n\t\t\t\t<\/div>\n\t\t\t\t<div class=\"elementor-element elementor-element-5947898 elementor-widget elementor-widget-text-editor\" data-id=\"5947898\" data-element_type=\"widget\" data-e-type=\"widget\" data-widget_type=\"text-editor.default\">\n\t\t\t\t<div class=\"elementor-widget-container\">\n\t\t\t\t\t\t\t\t\tRomantic music is provided by\u2026\n<h2  style=\"color: #ffffff; ><span style=\"text-align: var(--text-align);\">Nadja Luca<\/span><\/h2>\n<h2><strong style=\"color: #ffffff; text-align: var(--text-align); font-size: 18px;\">Dates:<\/strong><span style=\"color: #ffffff; text-align: var(--text-align); font-size: 18px;\"> 14.02.2026<\/span><\/h2>\t\t\t\t\t\t\t\t<\/div>\n\t\t\t\t<\/div>\n\t\t\t\t<div class=\"elementor-element elementor-element-86d14ac elementor-widget elementor-widget-text-editor\" data-id=\"86d14ac\" data-element_type=\"widget\" data-e-type=\"widget\" data-widget_type=\"text-editor.default\">\n\t\t\t\t<div class=\"elementor-widget-container\">\n\t\t\t\t\t\t\t\t\t<p><strong>Short profile:<\/strong> Nadja Luca \u2013 singer for weddings and events, known from The Voice of Germany 2021.<\/p>\t\t\t\t\t\t\t\t<\/div>\n\t\t\t\t<\/div>\n\t\t\t\t<div class=\"elementor-element elementor-element-305049a elementor-align-justify elementor-mobile-align-center elementor-widget__width-initial elementor-hidden-desktop elementor-hidden-tablet elementor-hidden-mobile elementor-invisible elementor-widget elementor-widget-button\" data-id=\"305049a\" data-element_type=\"widget\" data-e-type=\"widget\" data-settings=\"{&quot;_animation&quot;:&quot;fadeIn&quot;,&quot;_animation_delay&quot;:300}\" data-widget_type=\"button.default\">\n\t\t\t\t<div class=\"elementor-widget-container\">\n\t\t\t\t\t\t\t\t\t<div class=\"elementor-button-wrapper\">\n\t\t\t\t\t<a class=\"elementor-button elementor-button-link elementor-size-sm\" href=\"https:\/\/www.david-hueck.de\" target=\"_blank\">\n\t\t\t\t\t\t<span class=\"elementor-button-content-wrapper\">\n\t\t\t\t\t\t\t\t\t<span class=\"elementor-button-text\">Artist website<\/span>\n\t\t\t\t\t<\/span>\n\t\t\t\t\t<\/a>\n\t\t\t\t<\/div>\n\t\t\t\t\t\t\t\t<\/div>\n\t\t\t\t<\/div>\n\t\t\t\t<\/div>\n\t\t\t\t\t<\/div>\n\t\t\t\t<\/div>\n\t\t\t\t<\/div>\n\t\t\t\t<\/div>","protected":false},"excerpt":{"rendered":"<p>Romantisch genie\u00dfen am Valentinstag Romantisches Valentinstags-Dinner am Waldsee mit Live Music! Zum Vergr\u00f6\u00dfern einfach auf die Karte klicken&#8230; Romantisch genie\u00dfen am Valentinstag Verbringen Sie einen unvergesslichen Abend bei einem exklusivenValentinstags-Dinner in der Eifeler Seeh\u00fctte \u2013 direkt am idyllischen Waldsee. Am 14. Februar 2026 verw\u00f6hnen wir Sie mit einem liebevoll zusammengestellten4-Gang-Men\u00fc, begleitet von Kerzenschein und stimmungsvoller [&hellip;]<\/p>","protected":false},"author":3,"featured_media":0,"parent":0,"menu_order":0,"comment_status":"closed","ping_status":"closed","template":"elementor_header_footer","meta":{"om_disable_all_campaigns":false,"_monsterinsights_skip_tracking":false,"_monsterinsights_sitenote_active":false,"_monsterinsights_sitenote_note":"","_monsterinsights_sitenote_category":0,"footnotes":""},"class_list":["post-3656","page","type-page","status-publish","hentry"],"aioseo_notices":[],"_links":{"self":[{"href":"https:\/\/seehuette.de\/en\/wp-json\/wp\/v2\/pages\/3656","targetHints":{"allow":["GET"]}}],"collection":[{"href":"https:\/\/seehuette.de\/en\/wp-json\/wp\/v2\/pages"}],"about":[{"href":"https:\/\/seehuette.de\/en\/wp-json\/wp\/v2\/types\/page"}],"author":[{"embeddable":true,"href":"https:\/\/seehuette.de\/en\/wp-json\/wp\/v2\/users\/3"}],"replies":[{"embeddable":true,"href":"https:\/\/seehuette.de\/en\/wp-json\/wp\/v2\/comments?post=3656"}],"version-history":[{"count":10,"href":"https:\/\/seehuette.de\/en\/wp-json\/wp\/v2\/pages\/3656\/revisions"}],"predecessor-version":[{"id":4094,"href":"https:\/\/seehuette.de\/en\/wp-json\/wp\/v2\/pages\/3656\/revisions\/4094"}],"wp:attachment":[{"href":"https:\/\/seehuette.de\/en\/wp-json\/wp\/v2\/media?parent=3656"}],"curies":[{"name":"wp","href":"https:\/\/api.w.org\/{rel}","templated":true}]}}