{"id":942,"date":"2022-08-17T14:24:44","date_gmt":"2022-08-17T12:24:44","guid":{"rendered":"https:\/\/seehuette.de\/?page_id=942"},"modified":"2024-01-04T08:56:55","modified_gmt":"2024-01-04T07:56:55","slug":"restaurant","status":"publish","type":"page","link":"https:\/\/seehuette.de\/en\/restaurant\/","title":{"rendered":"Restaurant | Eifler Seeh\u00fctte"},"content":{"rendered":"<a href=\"https:\/\/seehuette.de\/en\/startseite\/\" target=\"_self\" itemprop=\"url\" rel=\"noopener\">\n\t\t\t\t<img fetchpriority=\"high\" decoding=\"async\" src=\"https:\/\/seehuette.de\/wp-content\/uploads\/2022\/08\/Logo-Restaurant-Eifler-Seehuette.png\" alt=\"Logo-Restaurant-Eifler-Seeh\u00fctte\" itemprop=\"image\" height=\"600\" width=\"1000\" title=\"Logo-Restaurant-Eifler-Seeh\u00fctte\" onerror=\"this.style.display='none'\"  \/>\n\t\t\t\t<\/a>\n\t\t\t<a href=\"https:\/\/book.easytablebooking.com\/book\/?id=269c7&#038;lang=auto\" target=\"_blank\" role=\"button\" rel=\"noopener\">\n\t\t\t\t\t\t\tJETZT EINEN TISCH RESERVIEREN!\n\t\t\t\t\t<\/a>\n\t<p>UNSER RESTAURANT<\/p>\n\t<p><strong>Liebe G\u00e4ste und Besucher,<\/strong><\/p>\n<strong>unser Restaurant der Eifeler Seeh\u00fctte verbindet eine modern<\/strong><br \/>\n<strong>interpretierte &#8222;Gut B\u00fcrgerliche K\u00fcche&#8220;,\u2028 mit vegetarischen Gerichten<\/strong><br \/>\n<strong>und einem unvergleichlichen Blick auf den Riedener Waldsee.\u00a0Bei uns k\u00f6nnen Sie entspannen,\u00a0sich kulinarisch verw\u00f6hnen lassen\u00a0und einfach die tolle Aussicht genie\u00dfen.\u00a0<\/strong>\n<p><strong>F\u00fcr kleinere Gesellschaften bis maximal 26 Personen steht Ihnen unser \u201eAltes Wohnzimmer&#8220; zur Verf\u00fcgung. Auf Grund der aktuellen Personalsituation in der Gastronomie, bitten wir Sie per Email anzufragen ob dies an Ihrem\u00a0Wunschtermin\u00a0m\u00f6glich ist. Auch Ihren Tisch oder Zimmer k\u00f6nnen Sie ganz einfach online reservieren. Vielen lieben Dank.<\/strong><\/p>\n<p>&nbsp;<\/p>\n\t\t\t<a href=\"https:\/\/seehuette.de\/wp-content\/uploads\/2023\/10\/Winter-Speisekarte-24-PDF-1.pdf\" target=\"_self\" role=\"button\" rel=\"noopener\">\n\t\t\t\t\t\t\tUNSERE SPEISEKARTE\n\t\t\t\t\t<\/a>\n\t<p>DAS SAGEN UNSERE G\u00c4STE ZUM ESSEN:<\/p>\n\t\t\t<p>&#8222;Sehr leckeres Essen, nette Atmosph\u00e4re. Preis-Leistung stimmt, der Service war hervorragend, daher 5 Sterne&#8220;<br \/><br \/>5\/5<br \/>Irina via Google<\/p>\t\t\n\t<p>essen&amp;genie\u00dfen<\/p>\n\t<p>Unsere Seeterrasse und unser gem\u00fctlich eingerichtetes Restaurant l\u00e4dt auch am Nachmittag zum Verweilen ein. Unsere K\u00f6che verw\u00f6hnen Sie ebenfalls durchgehend von 12.00 bis 20.30 Uhr.<\/p>\n<p>Schauen Sie einfach vorbei.<\/p>\n\t<p>UNSERE \u00d6FFNUNGSZEITEN<\/p>\n\t<p>&nbsp;<\/p>\n<strong>Monday \u2013 closed<\/strong><br \/>\n<strong>(except on public holidays)<\/strong><br \/>\n<strong>Di. &#8211; So. von 12.00 &#8211; 22.00 Uhr ge\u00f6ffnet.<\/strong>\n<p><strong>Wir bitten Sie online Ihren Tisch \/ Zimmer zu reservieren. Vielen Dank.<\/strong><\/p>\n\t<strong>Unsere K\u00fcche hat durchgehend von 11.30 Uhr bis 20.15 Uhr ge\u00f6ffnet.<\/strong><br \/>\n<strong>Letzte Tischannahme ist 20.15 Uhr.<\/strong>\n<p>&nbsp;<\/p>\n<p><strong>Liebe G\u00e4ste und Besucher,<\/strong><\/p>\n<p><strong>es ist uns aus personaltechnischen Gr\u00fcnden nicht immer m\u00f6glich Telefongespr\u00e4che pers\u00f6nlich entgegen zu nehmen. Wir bitte Sie daher, Ihren Tisch oder Zimmer online zu reservieren. Ebenfalls k\u00f6nnen Sie auf unserer Internetseite Gutscheine erwerben. Wir bedanken uns f\u00fcr Ihr Verst\u00e4ndnis.<\/strong><\/p>\n<p>&nbsp;<\/p>\n\t+49 2655 3696<br \/>\ninfo@seehuette.de\nHotel-Restaurant Eifeler Seeh\u00fctte<br \/>\nDr. Georg Klinkammerweg 1<br \/>\nAm Waldsee<br \/>\n56745 Rieden\n<p>Wir bitten Sie online Ihren Tisch oder Ihr Zimmer zu reservieren. Vielen Dank.<\/p>\n\t<p><a href=\"https:\/\/seehuette.de\/en\/impressum\/\">Legal Notice<\/a> | <a href=\"https:\/\/seehuette.de\/en\/datenschutz\/\">Data protection<\/a><\/p>","protected":false},"excerpt":{"rendered":"","protected":false},"author":2,"featured_media":0,"parent":0,"menu_order":0,"comment_status":"closed","ping_status":"closed","template":"tpl-no-header-footer.php","meta":{"om_disable_all_campaigns":false,"_monsterinsights_skip_tracking":false,"_monsterinsights_sitenote_active":false,"_monsterinsights_sitenote_note":"","_monsterinsights_sitenote_category":0,"footnotes":""},"class_list":["post-942","page","type-page","status-publish","hentry"],"aioseo_notices":[],"_links":{"self":[{"href":"https:\/\/seehuette.de\/en\/wp-json\/wp\/v2\/pages\/942","targetHints":{"allow":["GET"]}}],"collection":[{"href":"https:\/\/seehuette.de\/en\/wp-json\/wp\/v2\/pages"}],"about":[{"href":"https:\/\/seehuette.de\/en\/wp-json\/wp\/v2\/types\/page"}],"author":[{"embeddable":true,"href":"https:\/\/seehuette.de\/en\/wp-json\/wp\/v2\/users\/2"}],"replies":[{"embeddable":true,"href":"https:\/\/seehuette.de\/en\/wp-json\/wp\/v2\/comments?post=942"}],"version-history":[{"count":10,"href":"https:\/\/seehuette.de\/en\/wp-json\/wp\/v2\/pages\/942\/revisions"}],"predecessor-version":[{"id":1411,"href":"https:\/\/seehuette.de\/en\/wp-json\/wp\/v2\/pages\/942\/revisions\/1411"}],"wp:attachment":[{"href":"https:\/\/seehuette.de\/en\/wp-json\/wp\/v2\/media?parent=942"}],"curies":[{"name":"wp","href":"https:\/\/api.w.org\/{rel}","templated":true}]}}