{"id":986,"date":"2022-08-17T16:16:03","date_gmt":"2022-08-17T14:16:03","guid":{"rendered":"https:\/\/seehuette.de\/?page_id=986"},"modified":"2023-12-29T10:51:46","modified_gmt":"2023-12-29T09:51:46","slug":"hotel-eifler-seehuette","status":"publish","type":"page","link":"https:\/\/seehuette.de\/en\/hotel-eifler-seehuette\/","title":{"rendered":"Hotel | Eifeler Seeh\u00fctte"},"content":{"rendered":"<a href=\"https:\/\/seehuette.de\/en\/startseite\/\" target=\"_self\" itemprop=\"url\" rel=\"noopener\">\n\t\t\t\t<img fetchpriority=\"high\" decoding=\"async\" src=\"https:\/\/seehuette.de\/wp-content\/uploads\/2022\/08\/Logo-Restaurant-Eifler-Seehuette.png\" alt=\"Logo-Restaurant-Eifler-Seeh\u00fctte\" itemprop=\"image\" height=\"600\" width=\"1000\" title=\"Logo-Restaurant-Eifler-Seeh\u00fctte\" onerror=\"this.style.display='none'\"  \/>\n\t\t\t\t<\/a>\n\t\t\t<a href=\"http:\/\/www.hopeweb.de\/(S(d3feptv03fl3t22vycypaakm))\/GetDatum.aspx?hotelid=10567450&#038;sprache=de-DE\" target=\"_blank\" role=\"button\" rel=\"noopener\">\n\t\t\t\t\t\t\tJETZT EIN ZIMMER BUCHEN!\n\t\t\t\t\t<\/a>\n\t<p>UNSER HOTEL<\/p>\n\t<p>Unsere Seeh\u00fctte bietet Ihnen die M\u00f6glichkeit, sich in die Ruhe der Eifel zu fl\u00fcchten und sich bei uns verw\u00f6hnen zu lassen. Wir bieten ihnen daf\u00fcr 4 wunderbare Hotelzimmer mit Seeblick und unsere Panoramasuite mit einem traumhaften rundum Blick.<\/p>\n\t\t\t<a href=\"#zimmer\" target=\"_self\" role=\"button\" rel=\"noopener\">\n\t\t\t\t\t\t\tUNSERE ZIMMER\n\t\t\t\t\t<\/a>\n\t<p>DAS SAGEN UNSERE G\u00c4STE ZUM HOTEL:<\/p>\n\t\t\t<p>Wir hatten eine \u00dcbernachtung gebucht und waren nat\u00fcrlich auch gleich im zugeh\u00f6rigen Restaurant essen. Unsere Erfahrungen waren in jeder Hinsicht sehr gut. Aufmerksamer und schneller Service, das Zimmer sch\u00f6n gro\u00df, alles sehr sauber. Die Speisen sehr lecker, gro\u00dfe Portionen und das Ambiente sehr sch\u00f6n. Fr\u00fchst\u00fcck absolut ok mit netten Service. Auf jeden Fall eine Empfehlung!\u2605\u2605\u2605\u2605\u2605<br \/>Michael Schmuck via Google<\/p>\t\t\n\t\t\t<p>Mein Mann und ich verbrachten ein Wochenende in der Panoramasuite. Sehr ger\u00e4umig, sehr sauber. Das Essen kann man auch uneingeschr\u00e4nkt empfehlen. Kompliment an den Koch \ud83d\udc4d\ud83c\udffcDas Fr\u00fchst\u00fcck war reichhaltig und lecker. W\u00fcnsche wurden prompt erf\u00fcllt und das Personal gab sich die gr\u00f6\u00dfte M\u00fche, uns zufrieden zu stellen. Vielen, lieben Dank daf\u00fcr!<br \/>Wir werden auf jeden Fall wieder kommen \ud83d\ude0a\u2605\u2605\u2605\u2605\u2605<br \/>Carmen via Google<\/p>\t\t\n\t<p>UNSERE ZIMMER<\/p>\n<p>Unser Haus verf\u00fcgt \u00fcber 4 Hotelzimmer und 1 Panoramasuite.<\/p>\n\t<p><strong>HOTEL ZIMMER<\/strong><\/p>\n<p><img decoding=\"async\" src=\"https:\/\/seehuette.de\/wp-content\/uploads\/2023\/10\/Eifeler-SeehuCC88tte-Foto-Lars-May-251-200x300.jpg\" alt=\"\" width=\"200\" height=\"300\" \/><\/p>\n<p>&nbsp;<\/p>\n<p><img decoding=\"async\" src=\"https:\/\/seehuette.de\/wp-content\/uploads\/2023\/10\/Eifeler-SeehuCC88tte-Foto-Lars-May-254-300x200.jpg\" alt=\"\" width=\"300\" height=\"200\" \/><\/p>\n<p>&nbsp;<\/p>\n<p><img loading=\"lazy\" decoding=\"async\" src=\"https:\/\/seehuette.de\/wp-content\/uploads\/2022\/08\/Hotel-Zimmer-Eifler-Seehuette-300x200.jpg\" alt=\"\" width=\"300\" height=\"200\" \/><\/p>\n<p>&nbsp;<\/p>\n<p><img loading=\"lazy\" decoding=\"async\" src=\"https:\/\/seehuette.de\/wp-content\/uploads\/2023\/10\/Eifeler-SeehuCC88tte-Foto-Lars-May-253-300x200.jpg\" alt=\"\" width=\"300\" height=\"200\" \/><\/p>\n<p>&nbsp;<\/p>\n<p>All 4 hotel rooms are approximately 25 square meters in size and equipped with a very large bathroom, shower, toilet, hairdryer, kettle, Nespresso machine, TV and a view of the forest lake included.<\/p>\n\t<p><strong>PANORAMA SUITE<\/strong><\/p>\n<p><img loading=\"lazy\" decoding=\"async\" src=\"https:\/\/seehuette.de\/wp-content\/uploads\/2023\/10\/Eifeler-SeehuCC88tte-Foto-Lars-May-121-scaled-e1698212132793-300x270.jpg\" alt=\"\" width=\"300\" height=\"270\" \/><\/p>\n<p><img loading=\"lazy\" decoding=\"async\" src=\"https:\/\/seehuette.de\/wp-content\/uploads\/2022\/08\/Hotel-Suite-Eifler-Seehuette-1-300x200.jpg\" alt=\"\" width=\"300\" height=\"200\" \/><\/p>\n<p>\u00a0<img loading=\"lazy\" decoding=\"async\" src=\"https:\/\/seehuette.de\/wp-content\/uploads\/2023\/10\/Eifeler-SeehuCC88tte-Foto-Lars-May-102-300x200.jpg\" alt=\"\" width=\"300\" height=\"200\" \/><\/p>\n<p><img loading=\"lazy\" decoding=\"async\" src=\"https:\/\/seehuette.de\/wp-content\/uploads\/2022\/08\/Hotel-Badezimmer-Detail-Eifler-Seehuette-300x200.jpg\" alt=\"\" width=\"300\" height=\"200\" \/><\/p>\n<p>&nbsp;<\/p>\n<p>Our approximately 65 square meter, modern and luxuriously furnished panoramic suite is located directly under the glass dome of the Eifeler Seeh\u00fctte.<\/p>\n<p>From our panoramic suite, your gaze sweeps across the entire lake. Equipped with two balconies, a sitting area, a dining table, a Nespresso machine, and a desk, you can truly unwind.<\/p>\n\n\t<p>UNSERE PREISE<\/p>\n\t<p><strong>Zimmer Preise \/ Ohne Fr\u00fchst\u00fcck<\/strong><\/p>\n<strong>Single \/ Double room<\/strong><strong><br \/>\n<\/strong>105,00\/ Nacht*\n<strong>Dreibettzimmer: (nur 1 Zimmer verf\u00fcgbar)<\/strong><br \/>\n149,00\/ Nacht*\n<strong>Hund \/ Nacht: <\/strong>(bitte bei der Reservierung unter: &#8222;Ihre Mitteilung an uns&#8220; unbedingt mit angeben. Vielen Dank.)<br \/>\n12,00\/ Nacht\n<strong>Panorama Suite:\u00a0<\/strong>(for max. 2 people)<br \/>\n175,00\/ Nacht*\n<p><strong>Dogs are not allowed in the Panorama Suite. Thank you for your understanding.<\/strong><\/p>\n<strong>Breakfast (from 8:30 am to 10:00 am) per person\/day:<br \/>\n<\/strong>9,50 \u20ac\n<p>*Preise in \u20ac inklusive aller Kosten fu\u0308r den Ga\u0308stebeitrag (pro U\u0308bernachtung) der Ortsgemeinde Rieden.<\/p>\n\t<p><strong>Miscellaneous<\/strong><\/p>\n<p><strong>Check-in is from 3:00 PM\u00a0<\/strong><\/p>\n<p><strong> Check-out bis 10.00 Uhr<\/strong><\/p>\n<p>&nbsp;<\/p>\n<p><strong>Anreise Montag &amp; Dienstag:<\/strong><\/p>\n<p>Sollten Sie montags oder dienstags anreisen bitten wir Sie, dies bei der Reservierung unter: &#8222;Ihre Mitteilung an uns&#8220; unbedingt mit anzugeben, da unser Restaurant an den beiden Tagen geschlossen hat. Ihr Zimmerschl\u00fcssel wird dann vor dem Hoteleingang hinterlegt. Sie erhalten dann per Email weitere Infos zum Check-in.<\/p>\n<p>Thank you<\/p>\n<p>&nbsp;<\/p>\n<p><strong>R\u00fccktritt \/ Stornierung des Gastes:<\/strong><\/p>\n<p>Der Gast kann 14 Tage vor Anreisedatum das Zimmer kostenfrei stornieren. Die Stornierung muss schriftlich erfolgen. Danach fallen 90% des Zimmerpreises (ohne Fr\u00fchst\u00fcck) an.<\/p>\n<p>&nbsp;<\/p>\n\t<p>IHR SCHL\u00dcSSEL WARTET SCHON AUF SIE!<\/p>\n\t+49 2655 3696<br \/>\ninfo@seehuette.de\nHotel-Restaurant Eifeler Seeh\u00fctte<br \/>\nDr. Georg Klinkammerweg 1<br \/>\nAm Waldsee<br \/>\n56745 Rieden\n\t<p><a href=\"https:\/\/seehuette.de\/en\/impressum\/\">Legal Notice<\/a> | <a href=\"https:\/\/seehuette.de\/en\/datenschutz\/\">Data protection<\/a><\/p>","protected":false},"excerpt":{"rendered":"","protected":false},"author":2,"featured_media":0,"parent":0,"menu_order":0,"comment_status":"closed","ping_status":"closed","template":"tpl-no-header-footer.php","meta":{"om_disable_all_campaigns":false,"_monsterinsights_skip_tracking":false,"_monsterinsights_sitenote_active":false,"_monsterinsights_sitenote_note":"","_monsterinsights_sitenote_category":0,"footnotes":""},"class_list":["post-986","page","type-page","status-publish","hentry"],"aioseo_notices":[],"_links":{"self":[{"href":"https:\/\/seehuette.de\/en\/wp-json\/wp\/v2\/pages\/986","targetHints":{"allow":["GET"]}}],"collection":[{"href":"https:\/\/seehuette.de\/en\/wp-json\/wp\/v2\/pages"}],"about":[{"href":"https:\/\/seehuette.de\/en\/wp-json\/wp\/v2\/types\/page"}],"author":[{"embeddable":true,"href":"https:\/\/seehuette.de\/en\/wp-json\/wp\/v2\/users\/2"}],"replies":[{"embeddable":true,"href":"https:\/\/seehuette.de\/en\/wp-json\/wp\/v2\/comments?post=986"}],"version-history":[{"count":10,"href":"https:\/\/seehuette.de\/en\/wp-json\/wp\/v2\/pages\/986\/revisions"}],"predecessor-version":[{"id":1408,"href":"https:\/\/seehuette.de\/en\/wp-json\/wp\/v2\/pages\/986\/revisions\/1408"}],"wp:attachment":[{"href":"https:\/\/seehuette.de\/en\/wp-json\/wp\/v2\/media?parent=986"}],"curies":[{"name":"wp","href":"https:\/\/api.w.org\/{rel}","templated":true}]}}